{"id":651,"date":"2026-01-23T13:58:45","date_gmt":"2026-01-23T13:58:45","guid":{"rendered":"https:\/\/isarame-untempspoursoi.fr\/?page_id=651"},"modified":"2026-01-23T14:04:14","modified_gmt":"2026-01-23T14:04:14","slug":"deontologie","status":"publish","type":"page","link":"https:\/\/isarame-untempspoursoi.fr\/?page_id=651","title":{"rendered":"D\u00e9ontologie"},"content":{"rendered":"","protected":false},"excerpt":{"rendered":"","protected":false},"author":1,"featured_media":0,"parent":613,"menu_order":2,"comment_status":"closed","ping_status":"closed","template":"d-ontologie","meta":{"footnotes":""},"class_list":["post-651","page","type-page","status-publish","hentry"],"yoast_head":"<!-- This site is optimized with the Yoast SEO plugin v26.0 - https:\/\/yoast.com\/wordpress\/plugins\/seo\/ -->\n<title>D\u00e9ontologie - Isabelle Ram\u00e9, praticienne en r\u00e9flexologie et \u00e9nerg\u00e9tique chinoise<\/title>\n<meta name=\"robots\" content=\"index, follow, max-snippet:-1, max-image-preview:large, max-video-preview:-1\" \/>\n<link rel=\"canonical\" href=\"https:\/\/isarame-untempspoursoi.fr\/?page_id=651\" \/>\n<meta property=\"og:locale\" content=\"fr_FR\" \/>\n<meta property=\"og:type\" content=\"article\" \/>\n<meta property=\"og:title\" content=\"D\u00e9ontologie - Isabelle Ram\u00e9, praticienne en r\u00e9flexologie et \u00e9nerg\u00e9tique chinoise\" \/>\n<meta property=\"og:url\" content=\"https:\/\/isarame-untempspoursoi.fr\/?page_id=651\" \/>\n<meta property=\"og:site_name\" content=\"Isabelle Ram\u00e9, praticienne en r\u00e9flexologie et \u00e9nerg\u00e9tique chinoise\" \/>\n<meta property=\"article:modified_time\" content=\"2026-01-23T14:04:14+00:00\" \/>\n<meta name=\"twitter:card\" content=\"summary_large_image\" \/>\n<meta name=\"twitter:label1\" content=\"Dur\u00e9e de lecture estim\u00e9e\" \/>\n\t<meta name=\"twitter:data1\" content=\"1 minute\" \/>\n<script type=\"application\/ld+json\" class=\"yoast-schema-graph\">{\"@context\":\"https:\/\/schema.org\",\"@graph\":[{\"@type\":\"WebPage\",\"@id\":\"https:\/\/isarame-untempspoursoi.fr\/?page_id=651\",\"url\":\"https:\/\/isarame-untempspoursoi.fr\/?page_id=651\",\"name\":\"D\u00e9ontologie - Isabelle Ram\u00e9, praticienne en r\u00e9flexologie et \u00e9nerg\u00e9tique chinoise\",\"isPartOf\":{\"@id\":\"https:\/\/isarame-untempspoursoi.fr\/#website\"},\"datePublished\":\"2026-01-23T13:58:45+00:00\",\"dateModified\":\"2026-01-23T14:04:14+00:00\",\"breadcrumb\":{\"@id\":\"https:\/\/isarame-untempspoursoi.fr\/?page_id=651#breadcrumb\"},\"inLanguage\":\"fr-FR\",\"potentialAction\":[{\"@type\":\"ReadAction\",\"target\":[\"https:\/\/isarame-untempspoursoi.fr\/?page_id=651\"]}]},{\"@type\":\"BreadcrumbList\",\"@id\":\"https:\/\/isarame-untempspoursoi.fr\/?page_id=651#breadcrumb\",\"itemListElement\":[{\"@type\":\"ListItem\",\"position\":1,\"name\":\"Accueil\",\"item\":\"https:\/\/isarame-untempspoursoi.fr\/\"},{\"@type\":\"ListItem\",\"position\":2,\"name\":\"Massage de Pleine Attention\",\"item\":\"https:\/\/isarame-untempspoursoi.fr\/?page_id=613\"},{\"@type\":\"ListItem\",\"position\":3,\"name\":\"D\u00e9ontologie\"}]},{\"@type\":\"WebSite\",\"@id\":\"https:\/\/isarame-untempspoursoi.fr\/#website\",\"url\":\"https:\/\/isarame-untempspoursoi.fr\/\",\"name\":\"Isabelle Ram\u00e9, praticienne en r\u00e9flexologie et \u00e9nerg\u00e9tique chinoise\",\"description\":\"\",\"publisher\":{\"@id\":\"https:\/\/isarame-untempspoursoi.fr\/#organization\"},\"potentialAction\":[{\"@type\":\"SearchAction\",\"target\":{\"@type\":\"EntryPoint\",\"urlTemplate\":\"https:\/\/isarame-untempspoursoi.fr\/?s={search_term_string}\"},\"query-input\":{\"@type\":\"PropertyValueSpecification\",\"valueRequired\":true,\"valueName\":\"search_term_string\"}}],\"inLanguage\":\"fr-FR\"},{\"@type\":\"Organization\",\"@id\":\"https:\/\/isarame-untempspoursoi.fr\/#organization\",\"name\":\"Isabelle Ram\u00e9, praticienne en r\u00e9flexologie et \u00e9nerg\u00e9tique chinoise\",\"url\":\"https:\/\/isarame-untempspoursoi.fr\/\",\"logo\":{\"@type\":\"ImageObject\",\"inLanguage\":\"fr-FR\",\"@id\":\"https:\/\/isarame-untempspoursoi.fr\/#\/schema\/logo\/image\/\",\"url\":\"https:\/\/isarame-untempspoursoi.fr\/wp-content\/uploads\/2025\/07\/Logo-Isa-1-scaled.jpeg\",\"contentUrl\":\"https:\/\/isarame-untempspoursoi.fr\/wp-content\/uploads\/2025\/07\/Logo-Isa-1-scaled.jpeg\",\"width\":2560,\"height\":2560,\"caption\":\"Isabelle Ram\u00e9, praticienne en r\u00e9flexologie et \u00e9nerg\u00e9tique chinoise\"},\"image\":{\"@id\":\"https:\/\/isarame-untempspoursoi.fr\/#\/schema\/logo\/image\/\"}}]}<\/script>\n<!-- \/ Yoast SEO plugin. -->","yoast_head_json":{"title":"D\u00e9ontologie - Isabelle Ram\u00e9, praticienne en r\u00e9flexologie et \u00e9nerg\u00e9tique chinoise","robots":{"index":"index","follow":"follow","max-snippet":"max-snippet:-1","max-image-preview":"max-image-preview:large","max-video-preview":"max-video-preview:-1"},"canonical":"https:\/\/isarame-untempspoursoi.fr\/?page_id=651","og_locale":"fr_FR","og_type":"article","og_title":"D\u00e9ontologie - Isabelle Ram\u00e9, praticienne en r\u00e9flexologie et \u00e9nerg\u00e9tique chinoise","og_url":"https:\/\/isarame-untempspoursoi.fr\/?page_id=651","og_site_name":"Isabelle Ram\u00e9, praticienne en r\u00e9flexologie et \u00e9nerg\u00e9tique chinoise","article_modified_time":"2026-01-23T14:04:14+00:00","twitter_card":"summary_large_image","twitter_misc":{"Dur\u00e9e de lecture estim\u00e9e":"1 minute"},"schema":{"@context":"https:\/\/schema.org","@graph":[{"@type":"WebPage","@id":"https:\/\/isarame-untempspoursoi.fr\/?page_id=651","url":"https:\/\/isarame-untempspoursoi.fr\/?page_id=651","name":"D\u00e9ontologie - Isabelle Ram\u00e9, praticienne en r\u00e9flexologie et \u00e9nerg\u00e9tique chinoise","isPartOf":{"@id":"https:\/\/isarame-untempspoursoi.fr\/#website"},"datePublished":"2026-01-23T13:58:45+00:00","dateModified":"2026-01-23T14:04:14+00:00","breadcrumb":{"@id":"https:\/\/isarame-untempspoursoi.fr\/?page_id=651#breadcrumb"},"inLanguage":"fr-FR","potentialAction":[{"@type":"ReadAction","target":["https:\/\/isarame-untempspoursoi.fr\/?page_id=651"]}]},{"@type":"BreadcrumbList","@id":"https:\/\/isarame-untempspoursoi.fr\/?page_id=651#breadcrumb","itemListElement":[{"@type":"ListItem","position":1,"name":"Accueil","item":"https:\/\/isarame-untempspoursoi.fr\/"},{"@type":"ListItem","position":2,"name":"Massage de Pleine Attention","item":"https:\/\/isarame-untempspoursoi.fr\/?page_id=613"},{"@type":"ListItem","position":3,"name":"D\u00e9ontologie"}]},{"@type":"WebSite","@id":"https:\/\/isarame-untempspoursoi.fr\/#website","url":"https:\/\/isarame-untempspoursoi.fr\/","name":"Isabelle Ram\u00e9, praticienne en r\u00e9flexologie et \u00e9nerg\u00e9tique chinoise","description":"","publisher":{"@id":"https:\/\/isarame-untempspoursoi.fr\/#organization"},"potentialAction":[{"@type":"SearchAction","target":{"@type":"EntryPoint","urlTemplate":"https:\/\/isarame-untempspoursoi.fr\/?s={search_term_string}"},"query-input":{"@type":"PropertyValueSpecification","valueRequired":true,"valueName":"search_term_string"}}],"inLanguage":"fr-FR"},{"@type":"Organization","@id":"https:\/\/isarame-untempspoursoi.fr\/#organization","name":"Isabelle Ram\u00e9, praticienne en r\u00e9flexologie et \u00e9nerg\u00e9tique chinoise","url":"https:\/\/isarame-untempspoursoi.fr\/","logo":{"@type":"ImageObject","inLanguage":"fr-FR","@id":"https:\/\/isarame-untempspoursoi.fr\/#\/schema\/logo\/image\/","url":"https:\/\/isarame-untempspoursoi.fr\/wp-content\/uploads\/2025\/07\/Logo-Isa-1-scaled.jpeg","contentUrl":"https:\/\/isarame-untempspoursoi.fr\/wp-content\/uploads\/2025\/07\/Logo-Isa-1-scaled.jpeg","width":2560,"height":2560,"caption":"Isabelle Ram\u00e9, praticienne en r\u00e9flexologie et \u00e9nerg\u00e9tique chinoise"},"image":{"@id":"https:\/\/isarame-untempspoursoi.fr\/#\/schema\/logo\/image\/"}}]}},"_links":{"self":[{"href":"https:\/\/isarame-untempspoursoi.fr\/index.php?rest_route=\/wp\/v2\/pages\/651","targetHints":{"allow":["GET"]}}],"collection":[{"href":"https:\/\/isarame-untempspoursoi.fr\/index.php?rest_route=\/wp\/v2\/pages"}],"about":[{"href":"https:\/\/isarame-untempspoursoi.fr\/index.php?rest_route=\/wp\/v2\/types\/page"}],"author":[{"embeddable":true,"href":"https:\/\/isarame-untempspoursoi.fr\/index.php?rest_route=\/wp\/v2\/users\/1"}],"replies":[{"embeddable":true,"href":"https:\/\/isarame-untempspoursoi.fr\/index.php?rest_route=%2Fwp%2Fv2%2Fcomments&post=651"}],"version-history":[{"count":1,"href":"https:\/\/isarame-untempspoursoi.fr\/index.php?rest_route=\/wp\/v2\/pages\/651\/revisions"}],"predecessor-version":[{"id":652,"href":"https:\/\/isarame-untempspoursoi.fr\/index.php?rest_route=\/wp\/v2\/pages\/651\/revisions\/652"}],"up":[{"embeddable":true,"href":"https:\/\/isarame-untempspoursoi.fr\/index.php?rest_route=\/wp\/v2\/pages\/613"}],"wp:attachment":[{"href":"https:\/\/isarame-untempspoursoi.fr\/index.php?rest_route=%2Fwp%2Fv2%2Fmedia&parent=651"}],"curies":[{"name":"wp","href":"https:\/\/api.w.org\/{rel}","templated":true}]}}