{"id":143,"date":"2025-07-13T09:50:08","date_gmt":"2025-07-13T09:50:08","guid":{"rendered":"http:\/\/isarame-untempspoursoi.fr\/?page_id=143"},"modified":"2025-10-06T11:21:42","modified_gmt":"2025-10-06T11:21:42","slug":"lenergetique-chinoise","status":"publish","type":"page","link":"https:\/\/isarame-untempspoursoi.fr\/?page_id=143","title":{"rendered":"L&rsquo;\u00e9nerg\u00e9tique chinoise"},"content":{"rendered":"\n<div class=\"wp-block-group alignfull has-global-padding is-content-justification-center is-layout-constrained wp-block-group-is-layout-constrained\" style=\"margin-top:0;margin-bottom:0\">\n<div style=\"height:var(--wp--preset--spacing--20)\" aria-hidden=\"true\" class=\"wp-block-spacer\"><\/div>\n\n\n\n<div class=\"wp-block-group alignwide is-layout-flow wp-block-group-is-layout-flow\">\n<div class=\"wp-block-columns alignwide are-vertically-aligned-top is-layout-flex wp-container-core-columns-is-layout-5c8fb865 wp-block-columns-is-layout-flex\">\n<div class=\"wp-block-column is-vertically-aligned-top has-global-padding is-content-justification-left is-layout-constrained wp-container-core-column-is-layout-95996b15 wp-block-column-is-layout-constrained\">\n<h2 class=\"wp-block-heading\">Uncover a realm of opportunities.<\/h2>\n<\/div>\n\n\n\n<div class=\"wp-block-column is-vertically-aligned-top is-layout-flow wp-block-column-is-layout-flow\" style=\"flex-basis:40%\">\n<p>Exploring life&rsquo;s complex tapestry, options reveal routes to the exceptional, requiring innovation, inquisitiveness, and bravery for a deeply satisfying voyage.<\/p>\n\n\n\n<div class=\"wp-block-buttons is-layout-flex wp-block-buttons-is-layout-flex\">\n<div class=\"wp-block-button\"><a class=\"wp-block-button__link wp-element-button\">Get Started<\/a><\/div>\n<\/div>\n<\/div>\n<\/div>\n\n\n\n<div style=\"height:var(--wp--preset--spacing--20)\" aria-hidden=\"true\" class=\"wp-block-spacer\"><\/div>\n\n\n\n<figure class=\"wp-block-image size-large\"><img decoding=\"async\" src=\"https:\/\/pd.w.org\/2023\/07\/44364b18862589f06.53436652.jpg\" alt=\"\" style=\"aspect-ratio:16\/9;object-fit:cover\"\/><\/figure>\n<\/div>\n\n\n\n<div style=\"height:var(--wp--preset--spacing--20)\" aria-hidden=\"true\" class=\"wp-block-spacer\"><\/div>\n<\/div>\n","protected":false},"excerpt":{"rendered":"<p>Uncover a realm of opportunities. Exploring life&rsquo;s complex tapestry, options reveal routes to the exceptional, requiring innovation, inquisitiveness, and bravery for a deeply satisfying voyage.<\/p>\n","protected":false},"author":1,"featured_media":0,"parent":0,"menu_order":0,"comment_status":"closed","ping_status":"closed","template":"","meta":{"footnotes":""},"class_list":["post-143","page","type-page","status-publish","hentry"],"yoast_head":"<!-- This site is optimized with the Yoast SEO plugin v26.0 - https:\/\/yoast.com\/wordpress\/plugins\/seo\/ -->\n<title>L&#039;\u00e9nerg\u00e9tique chinoise - Isabelle Ram\u00e9, praticienne en r\u00e9flexologie et \u00e9nerg\u00e9tique chinoise<\/title>\n<meta name=\"description\" content=\"L&#039;\u00e9nerg\u00e9tique chinoise vise \u00e0 promouvoir le bien-\u00eatre en r\u00e9tablissant l\u2019harmonie et le flux d\u2019\u00e9nergie dans le corps\" \/>\n<meta name=\"robots\" content=\"index, follow, max-snippet:-1, max-image-preview:large, max-video-preview:-1\" \/>\n<link rel=\"canonical\" href=\"https:\/\/isarame-untempspoursoi.fr\/?page_id=143\" \/>\n<meta property=\"og:locale\" content=\"fr_FR\" \/>\n<meta property=\"og:type\" content=\"article\" \/>\n<meta property=\"og:title\" content=\"L&#039;\u00e9nerg\u00e9tique chinoise - Isabelle Ram\u00e9, praticienne en r\u00e9flexologie et \u00e9nerg\u00e9tique chinoise\" \/>\n<meta property=\"og:description\" content=\"L&#039;\u00e9nerg\u00e9tique chinoise vise \u00e0 promouvoir le bien-\u00eatre en r\u00e9tablissant l\u2019harmonie et le flux d\u2019\u00e9nergie dans le corps\" \/>\n<meta property=\"og:url\" content=\"https:\/\/isarame-untempspoursoi.fr\/?page_id=143\" \/>\n<meta property=\"og:site_name\" content=\"Isabelle Ram\u00e9, praticienne en r\u00e9flexologie et \u00e9nerg\u00e9tique chinoise\" \/>\n<meta property=\"article:modified_time\" content=\"2025-10-06T11:21:42+00:00\" \/>\n<meta property=\"og:image\" content=\"https:\/\/pd.w.org\/2023\/07\/44364b18862589f06.53436652.jpg\" \/>\n<meta name=\"twitter:card\" content=\"summary_large_image\" \/>\n<meta name=\"twitter:label1\" content=\"Dur\u00e9e de lecture estim\u00e9e\" \/>\n\t<meta name=\"twitter:data1\" content=\"1 minute\" \/>\n<script type=\"application\/ld+json\" class=\"yoast-schema-graph\">{\"@context\":\"https:\/\/schema.org\",\"@graph\":[{\"@type\":\"WebPage\",\"@id\":\"https:\/\/isarame-untempspoursoi.fr\/?page_id=143\",\"url\":\"https:\/\/isarame-untempspoursoi.fr\/?page_id=143\",\"name\":\"L'\u00e9nerg\u00e9tique chinoise - Isabelle Ram\u00e9, praticienne en r\u00e9flexologie et \u00e9nerg\u00e9tique chinoise\",\"isPartOf\":{\"@id\":\"https:\/\/isarame-untempspoursoi.fr\/#website\"},\"primaryImageOfPage\":{\"@id\":\"https:\/\/isarame-untempspoursoi.fr\/?page_id=143#primaryimage\"},\"image\":{\"@id\":\"https:\/\/isarame-untempspoursoi.fr\/?page_id=143#primaryimage\"},\"thumbnailUrl\":\"https:\/\/pd.w.org\/2023\/07\/44364b18862589f06.53436652.jpg\",\"datePublished\":\"2025-07-13T09:50:08+00:00\",\"dateModified\":\"2025-10-06T11:21:42+00:00\",\"description\":\"L'\u00e9nerg\u00e9tique chinoise vise \u00e0 promouvoir le bien-\u00eatre en r\u00e9tablissant l\u2019harmonie et le flux d\u2019\u00e9nergie dans le corps\",\"breadcrumb\":{\"@id\":\"https:\/\/isarame-untempspoursoi.fr\/?page_id=143#breadcrumb\"},\"inLanguage\":\"fr-FR\",\"potentialAction\":[{\"@type\":\"ReadAction\",\"target\":[\"https:\/\/isarame-untempspoursoi.fr\/?page_id=143\"]}]},{\"@type\":\"ImageObject\",\"inLanguage\":\"fr-FR\",\"@id\":\"https:\/\/isarame-untempspoursoi.fr\/?page_id=143#primaryimage\",\"url\":\"https:\/\/pd.w.org\/2023\/07\/44364b18862589f06.53436652.jpg\",\"contentUrl\":\"https:\/\/pd.w.org\/2023\/07\/44364b18862589f06.53436652.jpg\"},{\"@type\":\"BreadcrumbList\",\"@id\":\"https:\/\/isarame-untempspoursoi.fr\/?page_id=143#breadcrumb\",\"itemListElement\":[{\"@type\":\"ListItem\",\"position\":1,\"name\":\"Accueil\",\"item\":\"https:\/\/isarame-untempspoursoi.fr\/\"},{\"@type\":\"ListItem\",\"position\":2,\"name\":\"L&rsquo;\u00e9nerg\u00e9tique chinoise\"}]},{\"@type\":\"WebSite\",\"@id\":\"https:\/\/isarame-untempspoursoi.fr\/#website\",\"url\":\"https:\/\/isarame-untempspoursoi.fr\/\",\"name\":\"Isabelle Ram\u00e9, praticienne en r\u00e9flexologie et \u00e9nerg\u00e9tique chinoise\",\"description\":\"\",\"publisher\":{\"@id\":\"https:\/\/isarame-untempspoursoi.fr\/#organization\"},\"potentialAction\":[{\"@type\":\"SearchAction\",\"target\":{\"@type\":\"EntryPoint\",\"urlTemplate\":\"https:\/\/isarame-untempspoursoi.fr\/?s={search_term_string}\"},\"query-input\":{\"@type\":\"PropertyValueSpecification\",\"valueRequired\":true,\"valueName\":\"search_term_string\"}}],\"inLanguage\":\"fr-FR\"},{\"@type\":\"Organization\",\"@id\":\"https:\/\/isarame-untempspoursoi.fr\/#organization\",\"name\":\"Isabelle Ram\u00e9, praticienne en r\u00e9flexologie et \u00e9nerg\u00e9tique chinoise\",\"url\":\"https:\/\/isarame-untempspoursoi.fr\/\",\"logo\":{\"@type\":\"ImageObject\",\"inLanguage\":\"fr-FR\",\"@id\":\"https:\/\/isarame-untempspoursoi.fr\/#\/schema\/logo\/image\/\",\"url\":\"https:\/\/isarame-untempspoursoi.fr\/wp-content\/uploads\/2025\/07\/Logo-Isa-1-scaled.jpeg\",\"contentUrl\":\"https:\/\/isarame-untempspoursoi.fr\/wp-content\/uploads\/2025\/07\/Logo-Isa-1-scaled.jpeg\",\"width\":2560,\"height\":2560,\"caption\":\"Isabelle Ram\u00e9, praticienne en r\u00e9flexologie et \u00e9nerg\u00e9tique chinoise\"},\"image\":{\"@id\":\"https:\/\/isarame-untempspoursoi.fr\/#\/schema\/logo\/image\/\"}}]}<\/script>\n<!-- \/ Yoast SEO plugin. -->","yoast_head_json":{"title":"L'\u00e9nerg\u00e9tique chinoise - Isabelle Ram\u00e9, praticienne en r\u00e9flexologie et \u00e9nerg\u00e9tique chinoise","description":"L'\u00e9nerg\u00e9tique chinoise vise \u00e0 promouvoir le bien-\u00eatre en r\u00e9tablissant l\u2019harmonie et le flux d\u2019\u00e9nergie dans le corps","robots":{"index":"index","follow":"follow","max-snippet":"max-snippet:-1","max-image-preview":"max-image-preview:large","max-video-preview":"max-video-preview:-1"},"canonical":"https:\/\/isarame-untempspoursoi.fr\/?page_id=143","og_locale":"fr_FR","og_type":"article","og_title":"L'\u00e9nerg\u00e9tique chinoise - Isabelle Ram\u00e9, praticienne en r\u00e9flexologie et \u00e9nerg\u00e9tique chinoise","og_description":"L'\u00e9nerg\u00e9tique chinoise vise \u00e0 promouvoir le bien-\u00eatre en r\u00e9tablissant l\u2019harmonie et le flux d\u2019\u00e9nergie dans le corps","og_url":"https:\/\/isarame-untempspoursoi.fr\/?page_id=143","og_site_name":"Isabelle Ram\u00e9, praticienne en r\u00e9flexologie et \u00e9nerg\u00e9tique chinoise","article_modified_time":"2025-10-06T11:21:42+00:00","og_image":[{"url":"https:\/\/pd.w.org\/2023\/07\/44364b18862589f06.53436652.jpg","type":"","width":"","height":""}],"twitter_card":"summary_large_image","twitter_misc":{"Dur\u00e9e de lecture estim\u00e9e":"1 minute"},"schema":{"@context":"https:\/\/schema.org","@graph":[{"@type":"WebPage","@id":"https:\/\/isarame-untempspoursoi.fr\/?page_id=143","url":"https:\/\/isarame-untempspoursoi.fr\/?page_id=143","name":"L'\u00e9nerg\u00e9tique chinoise - Isabelle Ram\u00e9, praticienne en r\u00e9flexologie et \u00e9nerg\u00e9tique chinoise","isPartOf":{"@id":"https:\/\/isarame-untempspoursoi.fr\/#website"},"primaryImageOfPage":{"@id":"https:\/\/isarame-untempspoursoi.fr\/?page_id=143#primaryimage"},"image":{"@id":"https:\/\/isarame-untempspoursoi.fr\/?page_id=143#primaryimage"},"thumbnailUrl":"https:\/\/pd.w.org\/2023\/07\/44364b18862589f06.53436652.jpg","datePublished":"2025-07-13T09:50:08+00:00","dateModified":"2025-10-06T11:21:42+00:00","description":"L'\u00e9nerg\u00e9tique chinoise vise \u00e0 promouvoir le bien-\u00eatre en r\u00e9tablissant l\u2019harmonie et le flux d\u2019\u00e9nergie dans le corps","breadcrumb":{"@id":"https:\/\/isarame-untempspoursoi.fr\/?page_id=143#breadcrumb"},"inLanguage":"fr-FR","potentialAction":[{"@type":"ReadAction","target":["https:\/\/isarame-untempspoursoi.fr\/?page_id=143"]}]},{"@type":"ImageObject","inLanguage":"fr-FR","@id":"https:\/\/isarame-untempspoursoi.fr\/?page_id=143#primaryimage","url":"https:\/\/pd.w.org\/2023\/07\/44364b18862589f06.53436652.jpg","contentUrl":"https:\/\/pd.w.org\/2023\/07\/44364b18862589f06.53436652.jpg"},{"@type":"BreadcrumbList","@id":"https:\/\/isarame-untempspoursoi.fr\/?page_id=143#breadcrumb","itemListElement":[{"@type":"ListItem","position":1,"name":"Accueil","item":"https:\/\/isarame-untempspoursoi.fr\/"},{"@type":"ListItem","position":2,"name":"L&rsquo;\u00e9nerg\u00e9tique chinoise"}]},{"@type":"WebSite","@id":"https:\/\/isarame-untempspoursoi.fr\/#website","url":"https:\/\/isarame-untempspoursoi.fr\/","name":"Isabelle Ram\u00e9, praticienne en r\u00e9flexologie et \u00e9nerg\u00e9tique chinoise","description":"","publisher":{"@id":"https:\/\/isarame-untempspoursoi.fr\/#organization"},"potentialAction":[{"@type":"SearchAction","target":{"@type":"EntryPoint","urlTemplate":"https:\/\/isarame-untempspoursoi.fr\/?s={search_term_string}"},"query-input":{"@type":"PropertyValueSpecification","valueRequired":true,"valueName":"search_term_string"}}],"inLanguage":"fr-FR"},{"@type":"Organization","@id":"https:\/\/isarame-untempspoursoi.fr\/#organization","name":"Isabelle Ram\u00e9, praticienne en r\u00e9flexologie et \u00e9nerg\u00e9tique chinoise","url":"https:\/\/isarame-untempspoursoi.fr\/","logo":{"@type":"ImageObject","inLanguage":"fr-FR","@id":"https:\/\/isarame-untempspoursoi.fr\/#\/schema\/logo\/image\/","url":"https:\/\/isarame-untempspoursoi.fr\/wp-content\/uploads\/2025\/07\/Logo-Isa-1-scaled.jpeg","contentUrl":"https:\/\/isarame-untempspoursoi.fr\/wp-content\/uploads\/2025\/07\/Logo-Isa-1-scaled.jpeg","width":2560,"height":2560,"caption":"Isabelle Ram\u00e9, praticienne en r\u00e9flexologie et \u00e9nerg\u00e9tique chinoise"},"image":{"@id":"https:\/\/isarame-untempspoursoi.fr\/#\/schema\/logo\/image\/"}}]}},"_links":{"self":[{"href":"https:\/\/isarame-untempspoursoi.fr\/index.php?rest_route=\/wp\/v2\/pages\/143","targetHints":{"allow":["GET"]}}],"collection":[{"href":"https:\/\/isarame-untempspoursoi.fr\/index.php?rest_route=\/wp\/v2\/pages"}],"about":[{"href":"https:\/\/isarame-untempspoursoi.fr\/index.php?rest_route=\/wp\/v2\/types\/page"}],"author":[{"embeddable":true,"href":"https:\/\/isarame-untempspoursoi.fr\/index.php?rest_route=\/wp\/v2\/users\/1"}],"replies":[{"embeddable":true,"href":"https:\/\/isarame-untempspoursoi.fr\/index.php?rest_route=%2Fwp%2Fv2%2Fcomments&post=143"}],"version-history":[{"count":1,"href":"https:\/\/isarame-untempspoursoi.fr\/index.php?rest_route=\/wp\/v2\/pages\/143\/revisions"}],"predecessor-version":[{"id":144,"href":"https:\/\/isarame-untempspoursoi.fr\/index.php?rest_route=\/wp\/v2\/pages\/143\/revisions\/144"}],"wp:attachment":[{"href":"https:\/\/isarame-untempspoursoi.fr\/index.php?rest_route=%2Fwp%2Fv2%2Fmedia&parent=143"}],"curies":[{"name":"wp","href":"https:\/\/api.w.org\/{rel}","templated":true}]}}