{"id":141,"date":"2025-07-13T09:49:33","date_gmt":"2025-07-13T09:49:33","guid":{"rendered":"http:\/\/isarame-untempspoursoi.fr\/?page_id=141"},"modified":"2025-10-06T11:24:11","modified_gmt":"2025-10-06T11:24:11","slug":"la-reflexologie-2","status":"publish","type":"page","link":"https:\/\/isarame-untempspoursoi.fr\/?page_id=141","title":{"rendered":"La r\u00e9flexologie"},"content":{"rendered":"\n<div class=\"wp-block-group alignfull has-global-padding is-content-justification-center is-layout-constrained wp-block-group-is-layout-constrained\" style=\"margin-top:0;margin-bottom:0\">\n<div style=\"height:var(--wp--preset--spacing--20)\" aria-hidden=\"true\" class=\"wp-block-spacer\"><\/div>\n\n\n\n<div class=\"wp-block-group alignwide is-layout-flow wp-block-group-is-layout-flow\">\n<div style=\"height:24px\" aria-hidden=\"true\" class=\"wp-block-spacer\"><\/div>\n<\/div>\n\n\n\n<div style=\"height:var(--wp--preset--spacing--20)\" aria-hidden=\"true\" class=\"wp-block-spacer\"><\/div>\n<\/div>\n\n\n\n<h2 class=\"wp-block-heading\">La r\u00e9flexologie est une m\u00e9thode ancestrale, manuelle et naturelle qui vise \u00e0 aider le corps \u00e0 s&rsquo;autor\u00e9guler.<\/h2>\n\n\n\n<p>Elle consiste \u00e0 exercer une pression sur des zones ou points r\u00e9flexes situ\u00e9s sur des microsyst\u00e8mes tels que le pied, la main et l\u2019oreille. &nbsp;Ces points correspondent \u00e0 diff\u00e9rentes parties du corps et leur stimulation peut aider \u00e0 r\u00e9tablir l\u2019\u00e9quilibre.<\/p>\n\n\n\n<p>Lorsqu\u2019un organe est en difficult\u00e9, le point r\u00e9flexe associ\u00e9 devient plus sensible ou pr\u00e9sente des signes visibles (rougeur, chaleur, douleur) ce qui permet de le d\u00e9tecter.<\/p>\n\n\n\n<p>En stimulant ces points, la r\u00e9flexologie envoie des signaux au cerveau ce qui peut activer des r\u00e9ponses physiologiques pour favoriser l\u2019hom\u00e9ostasie, c\u2019est-\u00e0-dire l\u2019\u00e9quilibre naturel du corps.<\/p>\n\n\n\n<p>C\u2019est une approche douce et naturelle pour soutenir le bien-\u00eatre global.<\/p>\n\n\n\n<div class=\"wp-block-media-text is-vertically-aligned-center is-image-fill-element\"><figure class=\"wp-block-media-text__media\"><img loading=\"lazy\" decoding=\"async\" width=\"1024\" height=\"849\" src=\"http:\/\/isarame-untempspoursoi.fr\/wp-content\/uploads\/2025\/07\/IMG-20250724-WA0004-1024x849.jpg\" alt=\"\" class=\"wp-image-220 size-thumbnail\" style=\"object-position:50% 50%\" srcset=\"https:\/\/isarame-untempspoursoi.fr\/wp-content\/uploads\/2025\/07\/IMG-20250724-WA0004-1024x849.jpg 1024w, https:\/\/isarame-untempspoursoi.fr\/wp-content\/uploads\/2025\/07\/IMG-20250724-WA0004-300x249.jpg 300w, https:\/\/isarame-untempspoursoi.fr\/wp-content\/uploads\/2025\/07\/IMG-20250724-WA0004-768x636.jpg 768w, https:\/\/isarame-untempspoursoi.fr\/wp-content\/uploads\/2025\/07\/IMG-20250724-WA0004-1536x1273.jpg 1536w, https:\/\/isarame-untempspoursoi.fr\/wp-content\/uploads\/2025\/07\/IMG-20250724-WA0004.jpg 1600w\" sizes=\"auto, (max-width: 1024px) 100vw, 1024px\" \/><\/figure><div class=\"wp-block-media-text__content\">\n<p><\/p>\n\n\n\n<h2 class=\"wp-block-heading\">Je m\u2019appelle Isabelle. Je suis praticienne en r\u00e9flexologie et \u00e9nerg\u00e9tique chinoise, install\u00e9e \u00e0 Besan\u00e7on.<\/h2>\n\n\n\n<p>Infirmi\u00e8re de formation et passionn\u00e9e depuis toujours par&nbsp;<strong>le toucher,<\/strong> j\u2019ai pu d\u00e9couvrir, en milieu hospitalier, \u00e0 quel point&nbsp;<strong>un simple massage des mains ou des pieds<\/strong>&nbsp;pouvait \u00eatre porteur d\u2019un immense r\u00e9confort, <strong>de d\u00e9tente et m\u00eame d\u2019un v\u00e9ritable mieux-\u00eatre<\/strong>.<\/p>\n\n\n\n<p>Cette exp\u00e9rience a profond\u00e9ment r\u00e9sonn\u00e9 en moi, m\u2019ouvrant \u00e0 une autre mani\u00e8re de prendre soin. Tout naturellement, je me suis initi\u00e9e il y a plus de 10 ans, au&nbsp;<strong>massage essentiel (R&nbsp;: copyright) <\/strong>\u00e0 <strong>l\u2019<\/strong><strong>IFJS (Institut de Formation Jo\u00ebl Savatofski)<\/strong><strong>. <\/strong>J\u2019ai ensuite \u00e9t\u00e9 certifi\u00e9e en <strong>r\u00e9flexologie plantaire, palmaire et auriculaire<\/strong> associ\u00e9e \u00e0 l\u2019<strong>\u00e9nerg\u00e9tique chinoise.<\/strong><strong><\/strong><\/p>\n\n\n\n<p>Toujours curieuse, et dans une qu\u00eate constante de sens et de justesse dans la relation d\u2019aide, je poursuis actuellement une formation en&nbsp;cycle 1 TC\/MPA&nbsp;: <strong>Toucher conscient\u2013Massage Pleine Attention<\/strong>&nbsp;aupr\u00e8s de&nbsp;<strong>Fran\u00e7oise Weber<\/strong> pour enrichir et approfondir ma pratique et ma pr\u00e9sence au corps de l\u2019autre, pour mieux vous accompagner.<\/p>\n\n\n\n<p>Douce, bienveillante et \u00e0 l\u2019\u00e9coute, je suis profond\u00e9ment convaincue que&nbsp;<strong>le toucher en conscience<\/strong>&nbsp;permet une v\u00e9ritable&nbsp;(<strong>re)connexion \u00e0 soi<\/strong> et favorise le&nbsp;<strong>l\u00e2cher-prise<\/strong>.<\/p>\n\n\n\n<p>Que vous cherchiez \u00e0 soulager le stress, am\u00e9liorer le sommeil, relancer votre vitalit\u00e9, prendre un moment pour vous, je serai ravie de vous accueillir au studio Goyam Zen, 26 rue proudhon \u00e0 Besan\u00e7on dans un cadre apaisant, s\u00e9curisant et \u00e0 l\u2019\u00e9coute de vos besoins.<\/p>\n<\/div><\/div>\n","protected":false},"excerpt":{"rendered":"<p>La r\u00e9flexologie est une m\u00e9thode ancestrale, manuelle et naturelle qui vise \u00e0 aider le corps \u00e0 s&rsquo;autor\u00e9guler. Elle consiste \u00e0 exercer une pression sur des zones ou points r\u00e9flexes situ\u00e9s sur des microsyst\u00e8mes tels que le pied, la main et l\u2019oreille. &nbsp;Ces points correspondent \u00e0 diff\u00e9rentes parties du corps et leur stimulation peut aider \u00e0 [&hellip;]<\/p>\n","protected":false},"author":1,"featured_media":271,"parent":0,"menu_order":0,"comment_status":"closed","ping_status":"closed","template":"","meta":{"footnotes":""},"class_list":["post-141","page","type-page","status-publish","has-post-thumbnail","hentry"],"yoast_head":"<!-- This site is optimized with the Yoast SEO plugin v26.0 - https:\/\/yoast.com\/wordpress\/plugins\/seo\/ -->\n<title>La r\u00e9flexologie - Isabelle Ram\u00e9, praticienne en r\u00e9flexologie et \u00e9nerg\u00e9tique chinoise<\/title>\n<meta name=\"description\" content=\"La r\u00e9flexologie est une m\u00e9thode ancestrale, manuelle et naturelle qui vise \u00e0 aider le corps \u00e0 s\u2019autor\u00e9guler.\" \/>\n<meta name=\"robots\" content=\"index, follow, max-snippet:-1, max-image-preview:large, max-video-preview:-1\" \/>\n<link rel=\"canonical\" href=\"https:\/\/isarame-untempspoursoi.fr\/?page_id=141\" \/>\n<meta property=\"og:locale\" content=\"fr_FR\" \/>\n<meta property=\"og:type\" content=\"article\" \/>\n<meta property=\"og:title\" content=\"La r\u00e9flexologie - Isabelle Ram\u00e9, praticienne en r\u00e9flexologie et \u00e9nerg\u00e9tique chinoise\" \/>\n<meta property=\"og:description\" content=\"La r\u00e9flexologie est une m\u00e9thode ancestrale, manuelle et naturelle qui vise \u00e0 aider le corps \u00e0 s\u2019autor\u00e9guler.\" \/>\n<meta property=\"og:url\" content=\"https:\/\/isarame-untempspoursoi.fr\/?page_id=141\" \/>\n<meta property=\"og:site_name\" content=\"Isabelle Ram\u00e9, praticienne en r\u00e9flexologie et \u00e9nerg\u00e9tique chinoise\" \/>\n<meta property=\"article:modified_time\" content=\"2025-10-06T11:24:11+00:00\" \/>\n<meta property=\"og:image\" content=\"http:\/\/isarame-untempspoursoi.fr\/wp-content\/uploads\/2025\/07\/IMG-20250724-WA0009.jpg\" \/>\n\t<meta property=\"og:image:width\" content=\"1600\" \/>\n\t<meta property=\"og:image:height\" content=\"1494\" \/>\n\t<meta property=\"og:image:type\" content=\"image\/jpeg\" \/>\n<meta name=\"twitter:card\" content=\"summary_large_image\" \/>\n<meta name=\"twitter:label1\" content=\"Dur\u00e9e de lecture estim\u00e9e\" \/>\n\t<meta name=\"twitter:data1\" content=\"3 minutes\" \/>\n<script type=\"application\/ld+json\" class=\"yoast-schema-graph\">{\"@context\":\"https:\/\/schema.org\",\"@graph\":[{\"@type\":\"WebPage\",\"@id\":\"https:\/\/isarame-untempspoursoi.fr\/?page_id=141\",\"url\":\"https:\/\/isarame-untempspoursoi.fr\/?page_id=141\",\"name\":\"La r\u00e9flexologie - Isabelle Ram\u00e9, praticienne en r\u00e9flexologie et \u00e9nerg\u00e9tique chinoise\",\"isPartOf\":{\"@id\":\"https:\/\/isarame-untempspoursoi.fr\/#website\"},\"primaryImageOfPage\":{\"@id\":\"https:\/\/isarame-untempspoursoi.fr\/?page_id=141#primaryimage\"},\"image\":{\"@id\":\"https:\/\/isarame-untempspoursoi.fr\/?page_id=141#primaryimage\"},\"thumbnailUrl\":\"https:\/\/isarame-untempspoursoi.fr\/wp-content\/uploads\/2025\/07\/IMG-20250724-WA0009.jpg\",\"datePublished\":\"2025-07-13T09:49:33+00:00\",\"dateModified\":\"2025-10-06T11:24:11+00:00\",\"description\":\"La r\u00e9flexologie est une m\u00e9thode ancestrale, manuelle et naturelle qui vise \u00e0 aider le corps \u00e0 s\u2019autor\u00e9guler.\",\"breadcrumb\":{\"@id\":\"https:\/\/isarame-untempspoursoi.fr\/?page_id=141#breadcrumb\"},\"inLanguage\":\"fr-FR\",\"potentialAction\":[{\"@type\":\"ReadAction\",\"target\":[\"https:\/\/isarame-untempspoursoi.fr\/?page_id=141\"]}]},{\"@type\":\"ImageObject\",\"inLanguage\":\"fr-FR\",\"@id\":\"https:\/\/isarame-untempspoursoi.fr\/?page_id=141#primaryimage\",\"url\":\"https:\/\/isarame-untempspoursoi.fr\/wp-content\/uploads\/2025\/07\/IMG-20250724-WA0009.jpg\",\"contentUrl\":\"https:\/\/isarame-untempspoursoi.fr\/wp-content\/uploads\/2025\/07\/IMG-20250724-WA0009.jpg\",\"width\":1600,\"height\":1494},{\"@type\":\"BreadcrumbList\",\"@id\":\"https:\/\/isarame-untempspoursoi.fr\/?page_id=141#breadcrumb\",\"itemListElement\":[{\"@type\":\"ListItem\",\"position\":1,\"name\":\"Accueil\",\"item\":\"https:\/\/isarame-untempspoursoi.fr\/\"},{\"@type\":\"ListItem\",\"position\":2,\"name\":\"La r\u00e9flexologie\"}]},{\"@type\":\"WebSite\",\"@id\":\"https:\/\/isarame-untempspoursoi.fr\/#website\",\"url\":\"https:\/\/isarame-untempspoursoi.fr\/\",\"name\":\"Isabelle Ram\u00e9, praticienne en r\u00e9flexologie et \u00e9nerg\u00e9tique chinoise\",\"description\":\"\",\"publisher\":{\"@id\":\"https:\/\/isarame-untempspoursoi.fr\/#organization\"},\"potentialAction\":[{\"@type\":\"SearchAction\",\"target\":{\"@type\":\"EntryPoint\",\"urlTemplate\":\"https:\/\/isarame-untempspoursoi.fr\/?s={search_term_string}\"},\"query-input\":{\"@type\":\"PropertyValueSpecification\",\"valueRequired\":true,\"valueName\":\"search_term_string\"}}],\"inLanguage\":\"fr-FR\"},{\"@type\":\"Organization\",\"@id\":\"https:\/\/isarame-untempspoursoi.fr\/#organization\",\"name\":\"Isabelle Ram\u00e9, praticienne en r\u00e9flexologie et \u00e9nerg\u00e9tique chinoise\",\"url\":\"https:\/\/isarame-untempspoursoi.fr\/\",\"logo\":{\"@type\":\"ImageObject\",\"inLanguage\":\"fr-FR\",\"@id\":\"https:\/\/isarame-untempspoursoi.fr\/#\/schema\/logo\/image\/\",\"url\":\"https:\/\/isarame-untempspoursoi.fr\/wp-content\/uploads\/2025\/07\/Logo-Isa-1-scaled.jpeg\",\"contentUrl\":\"https:\/\/isarame-untempspoursoi.fr\/wp-content\/uploads\/2025\/07\/Logo-Isa-1-scaled.jpeg\",\"width\":2560,\"height\":2560,\"caption\":\"Isabelle Ram\u00e9, praticienne en r\u00e9flexologie et \u00e9nerg\u00e9tique chinoise\"},\"image\":{\"@id\":\"https:\/\/isarame-untempspoursoi.fr\/#\/schema\/logo\/image\/\"}}]}<\/script>\n<!-- \/ Yoast SEO plugin. -->","yoast_head_json":{"title":"La r\u00e9flexologie - Isabelle Ram\u00e9, praticienne en r\u00e9flexologie et \u00e9nerg\u00e9tique chinoise","description":"La r\u00e9flexologie est une m\u00e9thode ancestrale, manuelle et naturelle qui vise \u00e0 aider le corps \u00e0 s\u2019autor\u00e9guler.","robots":{"index":"index","follow":"follow","max-snippet":"max-snippet:-1","max-image-preview":"max-image-preview:large","max-video-preview":"max-video-preview:-1"},"canonical":"https:\/\/isarame-untempspoursoi.fr\/?page_id=141","og_locale":"fr_FR","og_type":"article","og_title":"La r\u00e9flexologie - Isabelle Ram\u00e9, praticienne en r\u00e9flexologie et \u00e9nerg\u00e9tique chinoise","og_description":"La r\u00e9flexologie est une m\u00e9thode ancestrale, manuelle et naturelle qui vise \u00e0 aider le corps \u00e0 s\u2019autor\u00e9guler.","og_url":"https:\/\/isarame-untempspoursoi.fr\/?page_id=141","og_site_name":"Isabelle Ram\u00e9, praticienne en r\u00e9flexologie et \u00e9nerg\u00e9tique chinoise","article_modified_time":"2025-10-06T11:24:11+00:00","og_image":[{"width":1600,"height":1494,"url":"http:\/\/isarame-untempspoursoi.fr\/wp-content\/uploads\/2025\/07\/IMG-20250724-WA0009.jpg","type":"image\/jpeg"}],"twitter_card":"summary_large_image","twitter_misc":{"Dur\u00e9e de lecture estim\u00e9e":"3 minutes"},"schema":{"@context":"https:\/\/schema.org","@graph":[{"@type":"WebPage","@id":"https:\/\/isarame-untempspoursoi.fr\/?page_id=141","url":"https:\/\/isarame-untempspoursoi.fr\/?page_id=141","name":"La r\u00e9flexologie - Isabelle Ram\u00e9, praticienne en r\u00e9flexologie et \u00e9nerg\u00e9tique chinoise","isPartOf":{"@id":"https:\/\/isarame-untempspoursoi.fr\/#website"},"primaryImageOfPage":{"@id":"https:\/\/isarame-untempspoursoi.fr\/?page_id=141#primaryimage"},"image":{"@id":"https:\/\/isarame-untempspoursoi.fr\/?page_id=141#primaryimage"},"thumbnailUrl":"https:\/\/isarame-untempspoursoi.fr\/wp-content\/uploads\/2025\/07\/IMG-20250724-WA0009.jpg","datePublished":"2025-07-13T09:49:33+00:00","dateModified":"2025-10-06T11:24:11+00:00","description":"La r\u00e9flexologie est une m\u00e9thode ancestrale, manuelle et naturelle qui vise \u00e0 aider le corps \u00e0 s\u2019autor\u00e9guler.","breadcrumb":{"@id":"https:\/\/isarame-untempspoursoi.fr\/?page_id=141#breadcrumb"},"inLanguage":"fr-FR","potentialAction":[{"@type":"ReadAction","target":["https:\/\/isarame-untempspoursoi.fr\/?page_id=141"]}]},{"@type":"ImageObject","inLanguage":"fr-FR","@id":"https:\/\/isarame-untempspoursoi.fr\/?page_id=141#primaryimage","url":"https:\/\/isarame-untempspoursoi.fr\/wp-content\/uploads\/2025\/07\/IMG-20250724-WA0009.jpg","contentUrl":"https:\/\/isarame-untempspoursoi.fr\/wp-content\/uploads\/2025\/07\/IMG-20250724-WA0009.jpg","width":1600,"height":1494},{"@type":"BreadcrumbList","@id":"https:\/\/isarame-untempspoursoi.fr\/?page_id=141#breadcrumb","itemListElement":[{"@type":"ListItem","position":1,"name":"Accueil","item":"https:\/\/isarame-untempspoursoi.fr\/"},{"@type":"ListItem","position":2,"name":"La r\u00e9flexologie"}]},{"@type":"WebSite","@id":"https:\/\/isarame-untempspoursoi.fr\/#website","url":"https:\/\/isarame-untempspoursoi.fr\/","name":"Isabelle Ram\u00e9, praticienne en r\u00e9flexologie et \u00e9nerg\u00e9tique chinoise","description":"","publisher":{"@id":"https:\/\/isarame-untempspoursoi.fr\/#organization"},"potentialAction":[{"@type":"SearchAction","target":{"@type":"EntryPoint","urlTemplate":"https:\/\/isarame-untempspoursoi.fr\/?s={search_term_string}"},"query-input":{"@type":"PropertyValueSpecification","valueRequired":true,"valueName":"search_term_string"}}],"inLanguage":"fr-FR"},{"@type":"Organization","@id":"https:\/\/isarame-untempspoursoi.fr\/#organization","name":"Isabelle Ram\u00e9, praticienne en r\u00e9flexologie et \u00e9nerg\u00e9tique chinoise","url":"https:\/\/isarame-untempspoursoi.fr\/","logo":{"@type":"ImageObject","inLanguage":"fr-FR","@id":"https:\/\/isarame-untempspoursoi.fr\/#\/schema\/logo\/image\/","url":"https:\/\/isarame-untempspoursoi.fr\/wp-content\/uploads\/2025\/07\/Logo-Isa-1-scaled.jpeg","contentUrl":"https:\/\/isarame-untempspoursoi.fr\/wp-content\/uploads\/2025\/07\/Logo-Isa-1-scaled.jpeg","width":2560,"height":2560,"caption":"Isabelle Ram\u00e9, praticienne en r\u00e9flexologie et \u00e9nerg\u00e9tique chinoise"},"image":{"@id":"https:\/\/isarame-untempspoursoi.fr\/#\/schema\/logo\/image\/"}}]}},"_links":{"self":[{"href":"https:\/\/isarame-untempspoursoi.fr\/index.php?rest_route=\/wp\/v2\/pages\/141","targetHints":{"allow":["GET"]}}],"collection":[{"href":"https:\/\/isarame-untempspoursoi.fr\/index.php?rest_route=\/wp\/v2\/pages"}],"about":[{"href":"https:\/\/isarame-untempspoursoi.fr\/index.php?rest_route=\/wp\/v2\/types\/page"}],"author":[{"embeddable":true,"href":"https:\/\/isarame-untempspoursoi.fr\/index.php?rest_route=\/wp\/v2\/users\/1"}],"replies":[{"embeddable":true,"href":"https:\/\/isarame-untempspoursoi.fr\/index.php?rest_route=%2Fwp%2Fv2%2Fcomments&post=141"}],"version-history":[{"count":4,"href":"https:\/\/isarame-untempspoursoi.fr\/index.php?rest_route=\/wp\/v2\/pages\/141\/revisions"}],"predecessor-version":[{"id":291,"href":"https:\/\/isarame-untempspoursoi.fr\/index.php?rest_route=\/wp\/v2\/pages\/141\/revisions\/291"}],"wp:featuredmedia":[{"embeddable":true,"href":"https:\/\/isarame-untempspoursoi.fr\/index.php?rest_route=\/wp\/v2\/media\/271"}],"wp:attachment":[{"href":"https:\/\/isarame-untempspoursoi.fr\/index.php?rest_route=%2Fwp%2Fv2%2Fmedia&parent=141"}],"curies":[{"name":"wp","href":"https:\/\/api.w.org\/{rel}","templated":true}]}}