{"id":119,"date":"2025-07-13T09:33:50","date_gmt":"2025-07-13T09:33:50","guid":{"rendered":"http:\/\/isarame-untempspoursoi.fr\/?page_id=119"},"modified":"2026-02-28T07:56:51","modified_gmt":"2026-02-28T07:56:51","slug":"qui-suis-je","status":"publish","type":"page","link":"https:\/\/isarame-untempspoursoi.fr\/?page_id=119","title":{"rendered":"Qui suis-je ?"},"content":{"rendered":"\n<div class=\"wp-block-group is-vertical is-layout-flex wp-container-core-group-is-layout-fe9cc265 wp-block-group-is-layout-flex\">\n<div class=\"wp-block-media-text is-stacked-on-mobile\"><figure class=\"wp-block-media-text__media\"><img loading=\"lazy\" decoding=\"async\" width=\"711\" height=\"463\" src=\"http:\/\/isarame-untempspoursoi.fr\/wp-content\/uploads\/2025\/07\/Diplome-2-3-rotated.jpg\" alt=\"\" class=\"wp-image-245 size-full\" srcset=\"https:\/\/isarame-untempspoursoi.fr\/wp-content\/uploads\/2025\/07\/Diplome-2-3-rotated.jpg 711w, https:\/\/isarame-untempspoursoi.fr\/wp-content\/uploads\/2025\/07\/Diplome-2-3-300x195.jpg 300w\" sizes=\"auto, (max-width: 711px) 100vw, 711px\" \/><\/figure><div class=\"wp-block-media-text__content\">\n<p>Infirmi\u00e8re de formation et passionn\u00e9e depuis toujours par&nbsp;<strong>le toucher,<\/strong> j\u2019ai pu d\u00e9couvrir, en milieu hospitalier, \u00e0 quel point&nbsp;<strong>un simple massage des mains ou des pieds<\/strong>&nbsp;pouvait \u00eatre porteur d\u2019un immense r\u00e9confort, <strong>de d\u00e9tente et m\u00eame d\u2019un v\u00e9ritable mieux-\u00eatre<\/strong>.<\/p>\n\n\n\n<p>Cette exp\u00e9rience a profond\u00e9ment r\u00e9sonn\u00e9 en moi, m\u2019ouvrant \u00e0 une autre mani\u00e8re de prendre soin. Tout naturellement, je me suis initi\u00e9e il y a plus de 10 ans, au&nbsp;<strong>massage essentiel (R&nbsp;: copyright) <\/strong>\u00e0 <strong>l\u2019<\/strong><strong>IFJS (Institut de Formation Jo\u00ebl Savatofski)<\/strong><strong>. <\/strong>J\u2019ai ensuite \u00e9t\u00e9 certifi\u00e9e en <strong>r\u00e9flexologie plantaire, palmaire et auriculaire<\/strong> associ\u00e9e \u00e0 l\u2019<strong>\u00e9nerg\u00e9tique chinoise.<\/strong><strong><\/strong><\/p>\n<\/div><\/div>\n<\/div>\n\n\n\n<p><\/p>\n","protected":false},"excerpt":{"rendered":"<p>Infirmi\u00e8re de formation et passionn\u00e9e depuis toujours par&nbsp;le toucher, j\u2019ai pu d\u00e9couvrir, en milieu hospitalier, \u00e0 quel point&nbsp;un simple massage des mains ou des pieds&nbsp;pouvait \u00eatre porteur d\u2019un immense r\u00e9confort, de d\u00e9tente et m\u00eame d\u2019un v\u00e9ritable mieux-\u00eatre. Cette exp\u00e9rience a profond\u00e9ment r\u00e9sonn\u00e9 en moi, m\u2019ouvrant \u00e0 une autre mani\u00e8re de prendre soin. Tout naturellement, je [&hellip;]<\/p>\n","protected":false},"author":1,"featured_media":0,"parent":0,"menu_order":0,"comment_status":"closed","ping_status":"closed","template":"","meta":{"footnotes":""},"class_list":["post-119","page","type-page","status-publish","hentry"],"yoast_head":"<!-- This site is optimized with the Yoast SEO plugin v26.0 - https:\/\/yoast.com\/wordpress\/plugins\/seo\/ -->\n<title>Qui suis-je ? - Isabelle Ram\u00e9, praticienne en r\u00e9flexologie et \u00e9nerg\u00e9tique chinoise<\/title>\n<meta name=\"robots\" content=\"index, follow, max-snippet:-1, max-image-preview:large, max-video-preview:-1\" \/>\n<link rel=\"canonical\" href=\"https:\/\/isarame-untempspoursoi.fr\/?page_id=119\" \/>\n<meta property=\"og:locale\" content=\"fr_FR\" \/>\n<meta property=\"og:type\" content=\"article\" \/>\n<meta property=\"og:title\" content=\"Qui suis-je ? - Isabelle Ram\u00e9, praticienne en r\u00e9flexologie et \u00e9nerg\u00e9tique chinoise\" \/>\n<meta property=\"og:description\" content=\"Infirmi\u00e8re de formation et passionn\u00e9e depuis toujours par&nbsp;le toucher, j\u2019ai pu d\u00e9couvrir, en milieu hospitalier, \u00e0 quel point&nbsp;un simple massage des mains ou des pieds&nbsp;pouvait \u00eatre porteur d\u2019un immense r\u00e9confort, de d\u00e9tente et m\u00eame d\u2019un v\u00e9ritable mieux-\u00eatre. Cette exp\u00e9rience a profond\u00e9ment r\u00e9sonn\u00e9 en moi, m\u2019ouvrant \u00e0 une autre mani\u00e8re de prendre soin. Tout naturellement, je [&hellip;]\" \/>\n<meta property=\"og:url\" content=\"https:\/\/isarame-untempspoursoi.fr\/?page_id=119\" \/>\n<meta property=\"og:site_name\" content=\"Isabelle Ram\u00e9, praticienne en r\u00e9flexologie et \u00e9nerg\u00e9tique chinoise\" \/>\n<meta property=\"article:modified_time\" content=\"2026-02-28T07:56:51+00:00\" \/>\n<meta property=\"og:image\" content=\"https:\/\/isarame-untempspoursoi.fr\/wp-content\/uploads\/2025\/07\/Diplome-2-3-rotated.jpg\" \/>\n\t<meta property=\"og:image:width\" content=\"711\" \/>\n\t<meta property=\"og:image:height\" content=\"463\" \/>\n\t<meta property=\"og:image:type\" content=\"image\/jpeg\" \/>\n<meta name=\"twitter:card\" content=\"summary_large_image\" \/>\n<meta name=\"twitter:label1\" content=\"Dur\u00e9e de lecture estim\u00e9e\" \/>\n\t<meta name=\"twitter:data1\" content=\"3 minutes\" \/>\n<script type=\"application\/ld+json\" class=\"yoast-schema-graph\">{\"@context\":\"https:\/\/schema.org\",\"@graph\":[{\"@type\":\"WebPage\",\"@id\":\"https:\/\/isarame-untempspoursoi.fr\/?page_id=119\",\"url\":\"https:\/\/isarame-untempspoursoi.fr\/?page_id=119\",\"name\":\"Qui suis-je ? - Isabelle Ram\u00e9, praticienne en r\u00e9flexologie et \u00e9nerg\u00e9tique chinoise\",\"isPartOf\":{\"@id\":\"https:\/\/isarame-untempspoursoi.fr\/#website\"},\"primaryImageOfPage\":{\"@id\":\"https:\/\/isarame-untempspoursoi.fr\/?page_id=119#primaryimage\"},\"image\":{\"@id\":\"https:\/\/isarame-untempspoursoi.fr\/?page_id=119#primaryimage\"},\"thumbnailUrl\":\"http:\/\/isarame-untempspoursoi.fr\/wp-content\/uploads\/2025\/07\/Diplome-2-3-rotated.jpg\",\"datePublished\":\"2025-07-13T09:33:50+00:00\",\"dateModified\":\"2026-02-28T07:56:51+00:00\",\"breadcrumb\":{\"@id\":\"https:\/\/isarame-untempspoursoi.fr\/?page_id=119#breadcrumb\"},\"inLanguage\":\"fr-FR\",\"potentialAction\":[{\"@type\":\"ReadAction\",\"target\":[\"https:\/\/isarame-untempspoursoi.fr\/?page_id=119\"]}]},{\"@type\":\"ImageObject\",\"inLanguage\":\"fr-FR\",\"@id\":\"https:\/\/isarame-untempspoursoi.fr\/?page_id=119#primaryimage\",\"url\":\"https:\/\/isarame-untempspoursoi.fr\/wp-content\/uploads\/2025\/07\/Diplome-2-3-rotated.jpg\",\"contentUrl\":\"https:\/\/isarame-untempspoursoi.fr\/wp-content\/uploads\/2025\/07\/Diplome-2-3-rotated.jpg\",\"width\":711,\"height\":463},{\"@type\":\"BreadcrumbList\",\"@id\":\"https:\/\/isarame-untempspoursoi.fr\/?page_id=119#breadcrumb\",\"itemListElement\":[{\"@type\":\"ListItem\",\"position\":1,\"name\":\"Accueil\",\"item\":\"https:\/\/isarame-untempspoursoi.fr\/\"},{\"@type\":\"ListItem\",\"position\":2,\"name\":\"Qui suis-je ?\"}]},{\"@type\":\"WebSite\",\"@id\":\"https:\/\/isarame-untempspoursoi.fr\/#website\",\"url\":\"https:\/\/isarame-untempspoursoi.fr\/\",\"name\":\"Isabelle Ram\u00e9, praticienne en r\u00e9flexologie et \u00e9nerg\u00e9tique chinoise\",\"description\":\"\",\"publisher\":{\"@id\":\"https:\/\/isarame-untempspoursoi.fr\/#organization\"},\"potentialAction\":[{\"@type\":\"SearchAction\",\"target\":{\"@type\":\"EntryPoint\",\"urlTemplate\":\"https:\/\/isarame-untempspoursoi.fr\/?s={search_term_string}\"},\"query-input\":{\"@type\":\"PropertyValueSpecification\",\"valueRequired\":true,\"valueName\":\"search_term_string\"}}],\"inLanguage\":\"fr-FR\"},{\"@type\":\"Organization\",\"@id\":\"https:\/\/isarame-untempspoursoi.fr\/#organization\",\"name\":\"Isabelle Ram\u00e9, praticienne en r\u00e9flexologie et \u00e9nerg\u00e9tique chinoise\",\"url\":\"https:\/\/isarame-untempspoursoi.fr\/\",\"logo\":{\"@type\":\"ImageObject\",\"inLanguage\":\"fr-FR\",\"@id\":\"https:\/\/isarame-untempspoursoi.fr\/#\/schema\/logo\/image\/\",\"url\":\"https:\/\/isarame-untempspoursoi.fr\/wp-content\/uploads\/2025\/07\/Logo-Isa-1-scaled.jpeg\",\"contentUrl\":\"https:\/\/isarame-untempspoursoi.fr\/wp-content\/uploads\/2025\/07\/Logo-Isa-1-scaled.jpeg\",\"width\":2560,\"height\":2560,\"caption\":\"Isabelle Ram\u00e9, praticienne en r\u00e9flexologie et \u00e9nerg\u00e9tique chinoise\"},\"image\":{\"@id\":\"https:\/\/isarame-untempspoursoi.fr\/#\/schema\/logo\/image\/\"}}]}<\/script>\n<!-- \/ Yoast SEO plugin. -->","yoast_head_json":{"title":"Qui suis-je ? - Isabelle Ram\u00e9, praticienne en r\u00e9flexologie et \u00e9nerg\u00e9tique chinoise","robots":{"index":"index","follow":"follow","max-snippet":"max-snippet:-1","max-image-preview":"max-image-preview:large","max-video-preview":"max-video-preview:-1"},"canonical":"https:\/\/isarame-untempspoursoi.fr\/?page_id=119","og_locale":"fr_FR","og_type":"article","og_title":"Qui suis-je ? - Isabelle Ram\u00e9, praticienne en r\u00e9flexologie et \u00e9nerg\u00e9tique chinoise","og_description":"Infirmi\u00e8re de formation et passionn\u00e9e depuis toujours par&nbsp;le toucher, j\u2019ai pu d\u00e9couvrir, en milieu hospitalier, \u00e0 quel point&nbsp;un simple massage des mains ou des pieds&nbsp;pouvait \u00eatre porteur d\u2019un immense r\u00e9confort, de d\u00e9tente et m\u00eame d\u2019un v\u00e9ritable mieux-\u00eatre. Cette exp\u00e9rience a profond\u00e9ment r\u00e9sonn\u00e9 en moi, m\u2019ouvrant \u00e0 une autre mani\u00e8re de prendre soin. Tout naturellement, je [&hellip;]","og_url":"https:\/\/isarame-untempspoursoi.fr\/?page_id=119","og_site_name":"Isabelle Ram\u00e9, praticienne en r\u00e9flexologie et \u00e9nerg\u00e9tique chinoise","article_modified_time":"2026-02-28T07:56:51+00:00","og_image":[{"width":711,"height":463,"url":"https:\/\/isarame-untempspoursoi.fr\/wp-content\/uploads\/2025\/07\/Diplome-2-3-rotated.jpg","type":"image\/jpeg"}],"twitter_card":"summary_large_image","twitter_misc":{"Dur\u00e9e de lecture estim\u00e9e":"3 minutes"},"schema":{"@context":"https:\/\/schema.org","@graph":[{"@type":"WebPage","@id":"https:\/\/isarame-untempspoursoi.fr\/?page_id=119","url":"https:\/\/isarame-untempspoursoi.fr\/?page_id=119","name":"Qui suis-je ? - Isabelle Ram\u00e9, praticienne en r\u00e9flexologie et \u00e9nerg\u00e9tique chinoise","isPartOf":{"@id":"https:\/\/isarame-untempspoursoi.fr\/#website"},"primaryImageOfPage":{"@id":"https:\/\/isarame-untempspoursoi.fr\/?page_id=119#primaryimage"},"image":{"@id":"https:\/\/isarame-untempspoursoi.fr\/?page_id=119#primaryimage"},"thumbnailUrl":"http:\/\/isarame-untempspoursoi.fr\/wp-content\/uploads\/2025\/07\/Diplome-2-3-rotated.jpg","datePublished":"2025-07-13T09:33:50+00:00","dateModified":"2026-02-28T07:56:51+00:00","breadcrumb":{"@id":"https:\/\/isarame-untempspoursoi.fr\/?page_id=119#breadcrumb"},"inLanguage":"fr-FR","potentialAction":[{"@type":"ReadAction","target":["https:\/\/isarame-untempspoursoi.fr\/?page_id=119"]}]},{"@type":"ImageObject","inLanguage":"fr-FR","@id":"https:\/\/isarame-untempspoursoi.fr\/?page_id=119#primaryimage","url":"https:\/\/isarame-untempspoursoi.fr\/wp-content\/uploads\/2025\/07\/Diplome-2-3-rotated.jpg","contentUrl":"https:\/\/isarame-untempspoursoi.fr\/wp-content\/uploads\/2025\/07\/Diplome-2-3-rotated.jpg","width":711,"height":463},{"@type":"BreadcrumbList","@id":"https:\/\/isarame-untempspoursoi.fr\/?page_id=119#breadcrumb","itemListElement":[{"@type":"ListItem","position":1,"name":"Accueil","item":"https:\/\/isarame-untempspoursoi.fr\/"},{"@type":"ListItem","position":2,"name":"Qui suis-je ?"}]},{"@type":"WebSite","@id":"https:\/\/isarame-untempspoursoi.fr\/#website","url":"https:\/\/isarame-untempspoursoi.fr\/","name":"Isabelle Ram\u00e9, praticienne en r\u00e9flexologie et \u00e9nerg\u00e9tique chinoise","description":"","publisher":{"@id":"https:\/\/isarame-untempspoursoi.fr\/#organization"},"potentialAction":[{"@type":"SearchAction","target":{"@type":"EntryPoint","urlTemplate":"https:\/\/isarame-untempspoursoi.fr\/?s={search_term_string}"},"query-input":{"@type":"PropertyValueSpecification","valueRequired":true,"valueName":"search_term_string"}}],"inLanguage":"fr-FR"},{"@type":"Organization","@id":"https:\/\/isarame-untempspoursoi.fr\/#organization","name":"Isabelle Ram\u00e9, praticienne en r\u00e9flexologie et \u00e9nerg\u00e9tique chinoise","url":"https:\/\/isarame-untempspoursoi.fr\/","logo":{"@type":"ImageObject","inLanguage":"fr-FR","@id":"https:\/\/isarame-untempspoursoi.fr\/#\/schema\/logo\/image\/","url":"https:\/\/isarame-untempspoursoi.fr\/wp-content\/uploads\/2025\/07\/Logo-Isa-1-scaled.jpeg","contentUrl":"https:\/\/isarame-untempspoursoi.fr\/wp-content\/uploads\/2025\/07\/Logo-Isa-1-scaled.jpeg","width":2560,"height":2560,"caption":"Isabelle Ram\u00e9, praticienne en r\u00e9flexologie et \u00e9nerg\u00e9tique chinoise"},"image":{"@id":"https:\/\/isarame-untempspoursoi.fr\/#\/schema\/logo\/image\/"}}]}},"_links":{"self":[{"href":"https:\/\/isarame-untempspoursoi.fr\/index.php?rest_route=\/wp\/v2\/pages\/119","targetHints":{"allow":["GET"]}}],"collection":[{"href":"https:\/\/isarame-untempspoursoi.fr\/index.php?rest_route=\/wp\/v2\/pages"}],"about":[{"href":"https:\/\/isarame-untempspoursoi.fr\/index.php?rest_route=\/wp\/v2\/types\/page"}],"author":[{"embeddable":true,"href":"https:\/\/isarame-untempspoursoi.fr\/index.php?rest_route=\/wp\/v2\/users\/1"}],"replies":[{"embeddable":true,"href":"https:\/\/isarame-untempspoursoi.fr\/index.php?rest_route=%2Fwp%2Fv2%2Fcomments&post=119"}],"version-history":[{"count":12,"href":"https:\/\/isarame-untempspoursoi.fr\/index.php?rest_route=\/wp\/v2\/pages\/119\/revisions"}],"predecessor-version":[{"id":246,"href":"https:\/\/isarame-untempspoursoi.fr\/index.php?rest_route=\/wp\/v2\/pages\/119\/revisions\/246"}],"wp:attachment":[{"href":"https:\/\/isarame-untempspoursoi.fr\/index.php?rest_route=%2Fwp%2Fv2%2Fmedia&parent=119"}],"curies":[{"name":"wp","href":"https:\/\/api.w.org\/{rel}","templated":true}]}}